{"id":6142,"date":"2015-10-19T15:56:41","date_gmt":"2015-10-19T13:56:41","guid":{"rendered":"https:\/\/www.parkhotelcattolica.it\/fr\/domande-e-risposte.html"},"modified":"2026-01-08T13:41:22","modified_gmt":"2026-01-08T12:41:22","slug":"questions-et-reponses","status":"publish","type":"page","link":"https:\/\/www.parkhotelcattolica.it\/fr\/questions-et-reponses.html","title":{"rendered":"D\u00e9mandes et r\u00e9ponses"},"content":{"rendered":"","protected":false},"excerpt":{"rendered":"","protected":false},"author":23,"featured_media":0,"parent":0,"menu_order":0,"comment_status":"closed","ping_status":"closed","template":"","meta":{"_acf_changed":false,"footnotes":""},"class_list":["post-6142","page","type-page","status-publish","hentry"],"acf":[],"yoast_head":"<!-- This site is optimized with the Yoast SEO plugin v27.0 - https:\/\/yoast.com\/product\/yoast-seo-wordpress\/ -->\n<title>Hotel Cattolica s\u00fbr mer | Park Hotel 4 \u00e9toiles<\/title>\n<meta name=\"description\" content=\"Curiosit\u00e9, d\u00e9mandes? Ici Vous pouvez trouver des r\u00e9ponses aux questions les plus fr\u00e9quemment pos\u00e9es s\u00fbr V\u00f4tre prochaine vacance au Park Hotel!\" \/>\n<meta name=\"robots\" content=\"index, follow, max-snippet:-1, max-image-preview:large, max-video-preview:-1\" \/>\n<link rel=\"canonical\" href=\"https:\/\/www.parkhotelcattolica.it\/fr\/questions-et-reponses.html\" \/>\n<meta property=\"og:locale\" content=\"fr_FR\" \/>\n<meta property=\"og:type\" content=\"article\" \/>\n<meta property=\"og:title\" content=\"Hotel Cattolica s\u00fbr mer | Park Hotel 4 \u00e9toiles\" \/>\n<meta property=\"og:description\" content=\"Curiosit\u00e9, d\u00e9mandes? Ici Vous pouvez trouver des r\u00e9ponses aux questions les plus fr\u00e9quemment pos\u00e9es s\u00fbr V\u00f4tre prochaine vacance au Park Hotel!\" \/>\n<meta property=\"og:url\" content=\"https:\/\/www.parkhotelcattolica.it\/fr\/questions-et-reponses.html\" \/>\n<meta property=\"og:site_name\" content=\"Park Hotel Cattolica\" \/>\n<meta property=\"article:modified_time\" content=\"2026-01-08T12:41:22+00:00\" \/>\n<script type=\"application\/ld+json\" class=\"yoast-schema-graph\">{\"@context\":\"https:\/\/schema.org\",\"@graph\":[{\"@type\":\"WebPage\",\"@id\":\"https:\/\/www.parkhotelcattolica.it\/fr\/questions-et-reponses.html\",\"url\":\"https:\/\/www.parkhotelcattolica.it\/fr\/questions-et-reponses.html\",\"name\":\"Hotel Cattolica s\u00fbr mer | Park Hotel 4 \u00e9toiles\",\"isPartOf\":{\"@id\":\"https:\/\/www.parkhotelcattolica.it\/#website\"},\"datePublished\":\"2015-10-19T13:56:41+00:00\",\"dateModified\":\"2026-01-08T12:41:22+00:00\",\"description\":\"Curiosit\u00e9, d\u00e9mandes? Ici Vous pouvez trouver des r\u00e9ponses aux questions les plus fr\u00e9quemment pos\u00e9es s\u00fbr V\u00f4tre prochaine vacance au Park Hotel!\",\"breadcrumb\":{\"@id\":\"https:\/\/www.parkhotelcattolica.it\/fr\/questions-et-reponses.html#breadcrumb\"},\"inLanguage\":\"fr-FR\",\"potentialAction\":[{\"@type\":\"ReadAction\",\"target\":[\"https:\/\/www.parkhotelcattolica.it\/fr\/questions-et-reponses.html\"]}]},{\"@type\":\"BreadcrumbList\",\"@id\":\"https:\/\/www.parkhotelcattolica.it\/fr\/questions-et-reponses.html#breadcrumb\",\"itemListElement\":[{\"@type\":\"ListItem\",\"position\":1,\"name\":\"Home\",\"item\":\"https:\/\/www.parkhotelcattolica.it\/fr\"},{\"@type\":\"ListItem\",\"position\":2,\"name\":\"D\u00e9mandes et r\u00e9ponses\"}]},{\"@type\":\"WebSite\",\"@id\":\"https:\/\/www.parkhotelcattolica.it\/#website\",\"url\":\"https:\/\/www.parkhotelcattolica.it\/\",\"name\":\"Park Hotel Cattolica\",\"description\":\"Un nuovo sito targato WordPress\",\"potentialAction\":[{\"@type\":\"SearchAction\",\"target\":{\"@type\":\"EntryPoint\",\"urlTemplate\":\"https:\/\/www.parkhotelcattolica.it\/?s={search_term_string}\"},\"query-input\":{\"@type\":\"PropertyValueSpecification\",\"valueRequired\":true,\"valueName\":\"search_term_string\"}}],\"inLanguage\":\"fr-FR\"}]}<\/script>\n<!-- \/ Yoast SEO plugin. -->","yoast_head_json":{"title":"Hotel Cattolica s\u00fbr mer | Park Hotel 4 \u00e9toiles","description":"Curiosit\u00e9, d\u00e9mandes? Ici Vous pouvez trouver des r\u00e9ponses aux questions les plus fr\u00e9quemment pos\u00e9es s\u00fbr V\u00f4tre prochaine vacance au Park Hotel!","robots":{"index":"index","follow":"follow","max-snippet":"max-snippet:-1","max-image-preview":"max-image-preview:large","max-video-preview":"max-video-preview:-1"},"canonical":"https:\/\/www.parkhotelcattolica.it\/fr\/questions-et-reponses.html","og_locale":"fr_FR","og_type":"article","og_title":"Hotel Cattolica s\u00fbr mer | Park Hotel 4 \u00e9toiles","og_description":"Curiosit\u00e9, d\u00e9mandes? Ici Vous pouvez trouver des r\u00e9ponses aux questions les plus fr\u00e9quemment pos\u00e9es s\u00fbr V\u00f4tre prochaine vacance au Park Hotel!","og_url":"https:\/\/www.parkhotelcattolica.it\/fr\/questions-et-reponses.html","og_site_name":"Park Hotel Cattolica","article_modified_time":"2026-01-08T12:41:22+00:00","schema":{"@context":"https:\/\/schema.org","@graph":[{"@type":"WebPage","@id":"https:\/\/www.parkhotelcattolica.it\/fr\/questions-et-reponses.html","url":"https:\/\/www.parkhotelcattolica.it\/fr\/questions-et-reponses.html","name":"Hotel Cattolica s\u00fbr mer | Park Hotel 4 \u00e9toiles","isPartOf":{"@id":"https:\/\/www.parkhotelcattolica.it\/#website"},"datePublished":"2015-10-19T13:56:41+00:00","dateModified":"2026-01-08T12:41:22+00:00","description":"Curiosit\u00e9, d\u00e9mandes? Ici Vous pouvez trouver des r\u00e9ponses aux questions les plus fr\u00e9quemment pos\u00e9es s\u00fbr V\u00f4tre prochaine vacance au Park Hotel!","breadcrumb":{"@id":"https:\/\/www.parkhotelcattolica.it\/fr\/questions-et-reponses.html#breadcrumb"},"inLanguage":"fr-FR","potentialAction":[{"@type":"ReadAction","target":["https:\/\/www.parkhotelcattolica.it\/fr\/questions-et-reponses.html"]}]},{"@type":"BreadcrumbList","@id":"https:\/\/www.parkhotelcattolica.it\/fr\/questions-et-reponses.html#breadcrumb","itemListElement":[{"@type":"ListItem","position":1,"name":"Home","item":"https:\/\/www.parkhotelcattolica.it\/fr"},{"@type":"ListItem","position":2,"name":"D\u00e9mandes et r\u00e9ponses"}]},{"@type":"WebSite","@id":"https:\/\/www.parkhotelcattolica.it\/#website","url":"https:\/\/www.parkhotelcattolica.it\/","name":"Park Hotel Cattolica","description":"Un nuovo sito targato WordPress","potentialAction":[{"@type":"SearchAction","target":{"@type":"EntryPoint","urlTemplate":"https:\/\/www.parkhotelcattolica.it\/?s={search_term_string}"},"query-input":{"@type":"PropertyValueSpecification","valueRequired":true,"valueName":"search_term_string"}}],"inLanguage":"fr-FR"}]}},"publishpress_future_action":{"enabled":false,"date":"2026-05-11 18:01:33","action":"change-status","newStatus":"draft","terms":[],"taxonomy":"translation_priority","extraData":[]},"publishpress_future_workflow_manual_trigger":{"enabledWorkflows":[]},"_links":{"self":[{"href":"https:\/\/www.parkhotelcattolica.it\/fr\/wp-json\/wp\/v2\/pages\/6142","targetHints":{"allow":["GET"]}}],"collection":[{"href":"https:\/\/www.parkhotelcattolica.it\/fr\/wp-json\/wp\/v2\/pages"}],"about":[{"href":"https:\/\/www.parkhotelcattolica.it\/fr\/wp-json\/wp\/v2\/types\/page"}],"author":[{"embeddable":true,"href":"https:\/\/www.parkhotelcattolica.it\/fr\/wp-json\/wp\/v2\/users\/23"}],"replies":[{"embeddable":true,"href":"https:\/\/www.parkhotelcattolica.it\/fr\/wp-json\/wp\/v2\/comments?post=6142"}],"version-history":[{"count":5,"href":"https:\/\/www.parkhotelcattolica.it\/fr\/wp-json\/wp\/v2\/pages\/6142\/revisions"}],"predecessor-version":[{"id":17042,"href":"https:\/\/www.parkhotelcattolica.it\/fr\/wp-json\/wp\/v2\/pages\/6142\/revisions\/17042"}],"wp:attachment":[{"href":"https:\/\/www.parkhotelcattolica.it\/fr\/wp-json\/wp\/v2\/media?parent=6142"}],"curies":[{"name":"wp","href":"https:\/\/api.w.org\/{rel}","templated":true}]}}