{"id":1607,"date":"2015-10-19T15:57:41","date_gmt":"2015-10-19T13:57:41","guid":{"rendered":"https:\/\/parkhotelcattolica.it\/fr\/famiglia.html"},"modified":"2025-06-21T09:37:03","modified_gmt":"2025-06-21T07:37:03","slug":"famille","status":"publish","type":"page","link":"https:\/\/www.parkhotelcattolica.it\/fr\/famille.html","title":{"rendered":"Famille"},"content":{"rendered":"","protected":false},"excerpt":{"rendered":"","protected":false},"author":23,"featured_media":1125,"parent":0,"menu_order":0,"comment_status":"closed","ping_status":"closed","template":"","meta":{"_acf_changed":false,"footnotes":""},"class_list":["post-1607","page","type-page","status-publish","has-post-thumbnail","hentry"],"acf":[],"yoast_head":"<!-- This site is optimized with the Yoast SEO plugin v27.0 - https:\/\/yoast.com\/product\/yoast-seo-wordpress\/ -->\n<title>Vacances en famille \u00e0 Cattolica - Park Hotel Cattolica<\/title>\n<meta name=\"description\" content=\"Le Park Hotel est l&#039;h\u00f4tel id\u00e9al pour passer les vacances avec la famille gr\u00e2ce \u00e0 des nombreux services pour faire amuser et r\u00e9laxer les adultes.\" \/>\n<meta name=\"robots\" content=\"index, follow, max-snippet:-1, max-image-preview:large, max-video-preview:-1\" \/>\n<link rel=\"canonical\" href=\"https:\/\/www.parkhotelcattolica.it\/fr\/famille.html\" \/>\n<meta property=\"og:locale\" content=\"fr_FR\" \/>\n<meta property=\"og:type\" content=\"article\" \/>\n<meta property=\"og:title\" content=\"Vacances en famille \u00e0 Cattolica - Park Hotel Cattolica\" \/>\n<meta property=\"og:description\" content=\"Le Park Hotel est l&#039;h\u00f4tel id\u00e9al pour passer les vacances avec la famille gr\u00e2ce \u00e0 des nombreux services pour faire amuser et r\u00e9laxer les adultes.\" \/>\n<meta property=\"og:url\" content=\"https:\/\/www.parkhotelcattolica.it\/fr\/famille.html\" \/>\n<meta property=\"og:site_name\" content=\"Park Hotel Cattolica\" \/>\n<meta property=\"article:modified_time\" content=\"2025-06-21T07:37:03+00:00\" \/>\n<meta property=\"og:image\" content=\"https:\/\/www.parkhotelcattolica.it\/wp-content\/uploads\/2015\/10\/family-header.jpg\" \/>\n\t<meta property=\"og:image:width\" content=\"1280\" \/>\n\t<meta property=\"og:image:height\" content=\"800\" \/>\n\t<meta property=\"og:image:type\" content=\"image\/jpeg\" \/>\n<meta name=\"twitter:label1\" content=\"Dur\u00e9e de lecture estim\u00e9e\" \/>\n\t<meta name=\"twitter:data1\" content=\"1 minute\" \/>\n<script type=\"application\/ld+json\" class=\"yoast-schema-graph\">{\"@context\":\"https:\/\/schema.org\",\"@graph\":[{\"@type\":\"WebPage\",\"@id\":\"https:\/\/www.parkhotelcattolica.it\/fr\/famille.html\",\"url\":\"https:\/\/www.parkhotelcattolica.it\/fr\/famille.html\",\"name\":\"Vacances en famille \u00e0 Cattolica - Park Hotel Cattolica\",\"isPartOf\":{\"@id\":\"https:\/\/www.parkhotelcattolica.it\/#website\"},\"primaryImageOfPage\":{\"@id\":\"https:\/\/www.parkhotelcattolica.it\/fr\/famille.html#primaryimage\"},\"image\":{\"@id\":\"https:\/\/www.parkhotelcattolica.it\/fr\/famille.html#primaryimage\"},\"thumbnailUrl\":\"https:\/\/www.parkhotelcattolica.it\/wp-content\/uploads\/2015\/10\/family-header.jpg\",\"datePublished\":\"2015-10-19T13:57:41+00:00\",\"dateModified\":\"2025-06-21T07:37:03+00:00\",\"description\":\"Le Park Hotel est l'h\u00f4tel id\u00e9al pour passer les vacances avec la famille gr\u00e2ce \u00e0 des nombreux services pour faire amuser et r\u00e9laxer les adultes.\",\"breadcrumb\":{\"@id\":\"https:\/\/www.parkhotelcattolica.it\/fr\/famille.html#breadcrumb\"},\"inLanguage\":\"fr-FR\",\"potentialAction\":[{\"@type\":\"ReadAction\",\"target\":[\"https:\/\/www.parkhotelcattolica.it\/fr\/famille.html\"]}]},{\"@type\":\"ImageObject\",\"inLanguage\":\"fr-FR\",\"@id\":\"https:\/\/www.parkhotelcattolica.it\/fr\/famille.html#primaryimage\",\"url\":\"https:\/\/www.parkhotelcattolica.it\/wp-content\/uploads\/2015\/10\/family-header.jpg\",\"contentUrl\":\"https:\/\/www.parkhotelcattolica.it\/wp-content\/uploads\/2015\/10\/family-header.jpg\",\"width\":1280,\"height\":800,\"caption\":\"Family Hotel Cattolica 4 stelle\"},{\"@type\":\"BreadcrumbList\",\"@id\":\"https:\/\/www.parkhotelcattolica.it\/fr\/famille.html#breadcrumb\",\"itemListElement\":[{\"@type\":\"ListItem\",\"position\":1,\"name\":\"Home\",\"item\":\"https:\/\/www.parkhotelcattolica.it\/fr\"},{\"@type\":\"ListItem\",\"position\":2,\"name\":\"Famille\"}]},{\"@type\":\"WebSite\",\"@id\":\"https:\/\/www.parkhotelcattolica.it\/#website\",\"url\":\"https:\/\/www.parkhotelcattolica.it\/\",\"name\":\"Park Hotel Cattolica\",\"description\":\"Un nuovo sito targato WordPress\",\"potentialAction\":[{\"@type\":\"SearchAction\",\"target\":{\"@type\":\"EntryPoint\",\"urlTemplate\":\"https:\/\/www.parkhotelcattolica.it\/?s={search_term_string}\"},\"query-input\":{\"@type\":\"PropertyValueSpecification\",\"valueRequired\":true,\"valueName\":\"search_term_string\"}}],\"inLanguage\":\"fr-FR\"}]}<\/script>\n<!-- \/ Yoast SEO plugin. -->","yoast_head_json":{"title":"Vacances en famille \u00e0 Cattolica - Park Hotel Cattolica","description":"Le Park Hotel est l'h\u00f4tel id\u00e9al pour passer les vacances avec la famille gr\u00e2ce \u00e0 des nombreux services pour faire amuser et r\u00e9laxer les adultes.","robots":{"index":"index","follow":"follow","max-snippet":"max-snippet:-1","max-image-preview":"max-image-preview:large","max-video-preview":"max-video-preview:-1"},"canonical":"https:\/\/www.parkhotelcattolica.it\/fr\/famille.html","og_locale":"fr_FR","og_type":"article","og_title":"Vacances en famille \u00e0 Cattolica - Park Hotel Cattolica","og_description":"Le Park Hotel est l'h\u00f4tel id\u00e9al pour passer les vacances avec la famille gr\u00e2ce \u00e0 des nombreux services pour faire amuser et r\u00e9laxer les adultes.","og_url":"https:\/\/www.parkhotelcattolica.it\/fr\/famille.html","og_site_name":"Park Hotel Cattolica","article_modified_time":"2025-06-21T07:37:03+00:00","og_image":[{"width":1280,"height":800,"url":"https:\/\/www.parkhotelcattolica.it\/wp-content\/uploads\/2015\/10\/family-header.jpg","type":"image\/jpeg"}],"twitter_misc":{"Dur\u00e9e de lecture estim\u00e9e":"1 minute"},"schema":{"@context":"https:\/\/schema.org","@graph":[{"@type":"WebPage","@id":"https:\/\/www.parkhotelcattolica.it\/fr\/famille.html","url":"https:\/\/www.parkhotelcattolica.it\/fr\/famille.html","name":"Vacances en famille \u00e0 Cattolica - Park Hotel Cattolica","isPartOf":{"@id":"https:\/\/www.parkhotelcattolica.it\/#website"},"primaryImageOfPage":{"@id":"https:\/\/www.parkhotelcattolica.it\/fr\/famille.html#primaryimage"},"image":{"@id":"https:\/\/www.parkhotelcattolica.it\/fr\/famille.html#primaryimage"},"thumbnailUrl":"https:\/\/www.parkhotelcattolica.it\/wp-content\/uploads\/2015\/10\/family-header.jpg","datePublished":"2015-10-19T13:57:41+00:00","dateModified":"2025-06-21T07:37:03+00:00","description":"Le Park Hotel est l'h\u00f4tel id\u00e9al pour passer les vacances avec la famille gr\u00e2ce \u00e0 des nombreux services pour faire amuser et r\u00e9laxer les adultes.","breadcrumb":{"@id":"https:\/\/www.parkhotelcattolica.it\/fr\/famille.html#breadcrumb"},"inLanguage":"fr-FR","potentialAction":[{"@type":"ReadAction","target":["https:\/\/www.parkhotelcattolica.it\/fr\/famille.html"]}]},{"@type":"ImageObject","inLanguage":"fr-FR","@id":"https:\/\/www.parkhotelcattolica.it\/fr\/famille.html#primaryimage","url":"https:\/\/www.parkhotelcattolica.it\/wp-content\/uploads\/2015\/10\/family-header.jpg","contentUrl":"https:\/\/www.parkhotelcattolica.it\/wp-content\/uploads\/2015\/10\/family-header.jpg","width":1280,"height":800,"caption":"Family Hotel Cattolica 4 stelle"},{"@type":"BreadcrumbList","@id":"https:\/\/www.parkhotelcattolica.it\/fr\/famille.html#breadcrumb","itemListElement":[{"@type":"ListItem","position":1,"name":"Home","item":"https:\/\/www.parkhotelcattolica.it\/fr"},{"@type":"ListItem","position":2,"name":"Famille"}]},{"@type":"WebSite","@id":"https:\/\/www.parkhotelcattolica.it\/#website","url":"https:\/\/www.parkhotelcattolica.it\/","name":"Park Hotel Cattolica","description":"Un nuovo sito targato WordPress","potentialAction":[{"@type":"SearchAction","target":{"@type":"EntryPoint","urlTemplate":"https:\/\/www.parkhotelcattolica.it\/?s={search_term_string}"},"query-input":{"@type":"PropertyValueSpecification","valueRequired":true,"valueName":"search_term_string"}}],"inLanguage":"fr-FR"}]}},"publishpress_future_action":{"enabled":false,"date":"2026-04-15 03:23:49","action":"change-status","newStatus":"draft","terms":[],"taxonomy":"translation_priority","extraData":[]},"publishpress_future_workflow_manual_trigger":{"enabledWorkflows":[]},"_links":{"self":[{"href":"https:\/\/www.parkhotelcattolica.it\/fr\/wp-json\/wp\/v2\/pages\/1607","targetHints":{"allow":["GET"]}}],"collection":[{"href":"https:\/\/www.parkhotelcattolica.it\/fr\/wp-json\/wp\/v2\/pages"}],"about":[{"href":"https:\/\/www.parkhotelcattolica.it\/fr\/wp-json\/wp\/v2\/types\/page"}],"author":[{"embeddable":true,"href":"https:\/\/www.parkhotelcattolica.it\/fr\/wp-json\/wp\/v2\/users\/23"}],"replies":[{"embeddable":true,"href":"https:\/\/www.parkhotelcattolica.it\/fr\/wp-json\/wp\/v2\/comments?post=1607"}],"version-history":[{"count":7,"href":"https:\/\/www.parkhotelcattolica.it\/fr\/wp-json\/wp\/v2\/pages\/1607\/revisions"}],"predecessor-version":[{"id":16404,"href":"https:\/\/www.parkhotelcattolica.it\/fr\/wp-json\/wp\/v2\/pages\/1607\/revisions\/16404"}],"wp:featuredmedia":[{"embeddable":true,"href":"https:\/\/www.parkhotelcattolica.it\/fr\/wp-json\/wp\/v2\/media\/1125"}],"wp:attachment":[{"href":"https:\/\/www.parkhotelcattolica.it\/fr\/wp-json\/wp\/v2\/media?parent=1607"}],"curies":[{"name":"wp","href":"https:\/\/api.w.org\/{rel}","templated":true}]}}