{"id":5545,"date":"2015-10-19T15:56:41","date_gmt":"2015-10-19T13:56:41","guid":{"rendered":"https:\/\/www.parkhotelcattolica.it\/de\/domande-e-risposte.html"},"modified":"2026-01-08T13:46:21","modified_gmt":"2026-01-08T12:46:21","slug":"fragen-und-antworten","status":"publish","type":"page","link":"https:\/\/www.parkhotelcattolica.it\/de\/fragen-und-antworten.html","title":{"rendered":"Fragen und Antworten&#8230;"},"content":{"rendered":"","protected":false},"excerpt":{"rendered":"","protected":false},"author":23,"featured_media":0,"parent":0,"menu_order":0,"comment_status":"closed","ping_status":"closed","template":"","meta":{"_acf_changed":false,"footnotes":""},"class_list":["post-5545","page","type-page","status-publish","hentry"],"acf":[],"yoast_head":"<!-- This site is optimized with the Yoast SEO plugin v27.0 - https:\/\/yoast.com\/product\/yoast-seo-wordpress\/ -->\n<title>Hotel Cattolica Italien auf Meer | Park Hotel 4 Sterne<\/title>\n<meta name=\"description\" content=\"Zweifel? Neugier? Fragen? Auf dieser Seite finden Sie alles, absolut alles, was Sie f\u00fcr Ihren n\u00e4chsten Aufenthalt im Park Hotel wissen m\u00f6chten!\" \/>\n<meta name=\"robots\" content=\"index, follow, max-snippet:-1, max-image-preview:large, max-video-preview:-1\" \/>\n<link rel=\"canonical\" href=\"https:\/\/www.parkhotelcattolica.it\/de\/fragen-und-antworten.html\" \/>\n<meta property=\"og:locale\" content=\"de_DE\" \/>\n<meta property=\"og:type\" content=\"article\" \/>\n<meta property=\"og:title\" content=\"Hotel Cattolica Italien auf Meer | Park Hotel 4 Sterne\" \/>\n<meta property=\"og:description\" content=\"Zweifel? Neugier? Fragen? Auf dieser Seite finden Sie alles, absolut alles, was Sie f\u00fcr Ihren n\u00e4chsten Aufenthalt im Park Hotel wissen m\u00f6chten!\" \/>\n<meta property=\"og:url\" content=\"https:\/\/www.parkhotelcattolica.it\/de\/fragen-und-antworten.html\" \/>\n<meta property=\"og:site_name\" content=\"Park Hotel Cattolica\" \/>\n<meta property=\"article:modified_time\" content=\"2026-01-08T12:46:21+00:00\" \/>\n<script type=\"application\/ld+json\" class=\"yoast-schema-graph\">{\"@context\":\"https:\/\/schema.org\",\"@graph\":[{\"@type\":\"WebPage\",\"@id\":\"https:\/\/www.parkhotelcattolica.it\/de\/fragen-und-antworten.html\",\"url\":\"https:\/\/www.parkhotelcattolica.it\/de\/fragen-und-antworten.html\",\"name\":\"Hotel Cattolica Italien auf Meer | Park Hotel 4 Sterne\",\"isPartOf\":{\"@id\":\"https:\/\/www.parkhotelcattolica.it\/#website\"},\"datePublished\":\"2015-10-19T13:56:41+00:00\",\"dateModified\":\"2026-01-08T12:46:21+00:00\",\"description\":\"Zweifel? Neugier? Fragen? Auf dieser Seite finden Sie alles, absolut alles, was Sie f\u00fcr Ihren n\u00e4chsten Aufenthalt im Park Hotel wissen m\u00f6chten!\",\"breadcrumb\":{\"@id\":\"https:\/\/www.parkhotelcattolica.it\/de\/fragen-und-antworten.html#breadcrumb\"},\"inLanguage\":\"de\",\"potentialAction\":[{\"@type\":\"ReadAction\",\"target\":[\"https:\/\/www.parkhotelcattolica.it\/de\/fragen-und-antworten.html\"]}]},{\"@type\":\"BreadcrumbList\",\"@id\":\"https:\/\/www.parkhotelcattolica.it\/de\/fragen-und-antworten.html#breadcrumb\",\"itemListElement\":[{\"@type\":\"ListItem\",\"position\":1,\"name\":\"Home\",\"item\":\"https:\/\/www.parkhotelcattolica.it\/de\"},{\"@type\":\"ListItem\",\"position\":2,\"name\":\"Fragen und Antworten&#8230;\"}]},{\"@type\":\"WebSite\",\"@id\":\"https:\/\/www.parkhotelcattolica.it\/#website\",\"url\":\"https:\/\/www.parkhotelcattolica.it\/\",\"name\":\"Park Hotel Cattolica\",\"description\":\"Un nuovo sito targato WordPress\",\"potentialAction\":[{\"@type\":\"SearchAction\",\"target\":{\"@type\":\"EntryPoint\",\"urlTemplate\":\"https:\/\/www.parkhotelcattolica.it\/?s={search_term_string}\"},\"query-input\":{\"@type\":\"PropertyValueSpecification\",\"valueRequired\":true,\"valueName\":\"search_term_string\"}}],\"inLanguage\":\"de\"}]}<\/script>\n<!-- \/ Yoast SEO plugin. -->","yoast_head_json":{"title":"Hotel Cattolica Italien auf Meer | Park Hotel 4 Sterne","description":"Zweifel? Neugier? Fragen? Auf dieser Seite finden Sie alles, absolut alles, was Sie f\u00fcr Ihren n\u00e4chsten Aufenthalt im Park Hotel wissen m\u00f6chten!","robots":{"index":"index","follow":"follow","max-snippet":"max-snippet:-1","max-image-preview":"max-image-preview:large","max-video-preview":"max-video-preview:-1"},"canonical":"https:\/\/www.parkhotelcattolica.it\/de\/fragen-und-antworten.html","og_locale":"de_DE","og_type":"article","og_title":"Hotel Cattolica Italien auf Meer | Park Hotel 4 Sterne","og_description":"Zweifel? Neugier? Fragen? Auf dieser Seite finden Sie alles, absolut alles, was Sie f\u00fcr Ihren n\u00e4chsten Aufenthalt im Park Hotel wissen m\u00f6chten!","og_url":"https:\/\/www.parkhotelcattolica.it\/de\/fragen-und-antworten.html","og_site_name":"Park Hotel Cattolica","article_modified_time":"2026-01-08T12:46:21+00:00","schema":{"@context":"https:\/\/schema.org","@graph":[{"@type":"WebPage","@id":"https:\/\/www.parkhotelcattolica.it\/de\/fragen-und-antworten.html","url":"https:\/\/www.parkhotelcattolica.it\/de\/fragen-und-antworten.html","name":"Hotel Cattolica Italien auf Meer | Park Hotel 4 Sterne","isPartOf":{"@id":"https:\/\/www.parkhotelcattolica.it\/#website"},"datePublished":"2015-10-19T13:56:41+00:00","dateModified":"2026-01-08T12:46:21+00:00","description":"Zweifel? Neugier? Fragen? Auf dieser Seite finden Sie alles, absolut alles, was Sie f\u00fcr Ihren n\u00e4chsten Aufenthalt im Park Hotel wissen m\u00f6chten!","breadcrumb":{"@id":"https:\/\/www.parkhotelcattolica.it\/de\/fragen-und-antworten.html#breadcrumb"},"inLanguage":"de","potentialAction":[{"@type":"ReadAction","target":["https:\/\/www.parkhotelcattolica.it\/de\/fragen-und-antworten.html"]}]},{"@type":"BreadcrumbList","@id":"https:\/\/www.parkhotelcattolica.it\/de\/fragen-und-antworten.html#breadcrumb","itemListElement":[{"@type":"ListItem","position":1,"name":"Home","item":"https:\/\/www.parkhotelcattolica.it\/de"},{"@type":"ListItem","position":2,"name":"Fragen und Antworten&#8230;"}]},{"@type":"WebSite","@id":"https:\/\/www.parkhotelcattolica.it\/#website","url":"https:\/\/www.parkhotelcattolica.it\/","name":"Park Hotel Cattolica","description":"Un nuovo sito targato WordPress","potentialAction":[{"@type":"SearchAction","target":{"@type":"EntryPoint","urlTemplate":"https:\/\/www.parkhotelcattolica.it\/?s={search_term_string}"},"query-input":{"@type":"PropertyValueSpecification","valueRequired":true,"valueName":"search_term_string"}}],"inLanguage":"de"}]}},"publishpress_future_action":{"enabled":false,"date":"2026-05-11 17:05:29","action":"change-status","newStatus":"draft","terms":[],"taxonomy":"translation_priority","extraData":[]},"publishpress_future_workflow_manual_trigger":{"enabledWorkflows":[]},"_links":{"self":[{"href":"https:\/\/www.parkhotelcattolica.it\/de\/wp-json\/wp\/v2\/pages\/5545","targetHints":{"allow":["GET"]}}],"collection":[{"href":"https:\/\/www.parkhotelcattolica.it\/de\/wp-json\/wp\/v2\/pages"}],"about":[{"href":"https:\/\/www.parkhotelcattolica.it\/de\/wp-json\/wp\/v2\/types\/page"}],"author":[{"embeddable":true,"href":"https:\/\/www.parkhotelcattolica.it\/de\/wp-json\/wp\/v2\/users\/23"}],"replies":[{"embeddable":true,"href":"https:\/\/www.parkhotelcattolica.it\/de\/wp-json\/wp\/v2\/comments?post=5545"}],"version-history":[{"count":5,"href":"https:\/\/www.parkhotelcattolica.it\/de\/wp-json\/wp\/v2\/pages\/5545\/revisions"}],"predecessor-version":[{"id":17043,"href":"https:\/\/www.parkhotelcattolica.it\/de\/wp-json\/wp\/v2\/pages\/5545\/revisions\/17043"}],"wp:attachment":[{"href":"https:\/\/www.parkhotelcattolica.it\/de\/wp-json\/wp\/v2\/media?parent=5545"}],"curies":[{"name":"wp","href":"https:\/\/api.w.org\/{rel}","templated":true}]}}