{"id":1659,"date":"2015-10-19T15:58:04","date_gmt":"2015-10-19T13:58:04","guid":{"rendered":"https:\/\/parkhotelcattolica.it\/de\/sport.html"},"modified":"2015-11-25T15:48:25","modified_gmt":"2015-11-25T14:48:25","slug":"sport","status":"publish","type":"page","link":"https:\/\/www.parkhotelcattolica.it\/de\/sport.html","title":{"rendered":"Sport"},"content":{"rendered":"","protected":false},"excerpt":{"rendered":"","protected":false},"author":23,"featured_media":1126,"parent":0,"menu_order":0,"comment_status":"closed","ping_status":"closed","template":"","meta":{"_acf_changed":false,"footnotes":""},"class_list":["post-1659","page","type-page","status-publish","has-post-thumbnail","hentry"],"acf":[],"yoast_head":"<!-- This site is optimized with the Yoast SEO plugin v27.0 - https:\/\/yoast.com\/product\/yoast-seo-wordpress\/ -->\n<title>Sport in Cattolica - Park Hotel Cattolica<\/title>\n<meta name=\"description\" content=\"Im Park Hotel in Cattolica Sie k\u00f6nnen auch verschiedene, sportliche Aktivit\u00e4ten aus\u00fcben, die mit dem Meer und dar\u00fcber hinaus verbunden sind.\" \/>\n<meta name=\"robots\" content=\"index, follow, max-snippet:-1, max-image-preview:large, max-video-preview:-1\" \/>\n<link rel=\"canonical\" href=\"https:\/\/www.parkhotelcattolica.it\/sport.html\" \/>\n<meta property=\"og:locale\" content=\"de_DE\" \/>\n<meta property=\"og:type\" content=\"article\" \/>\n<meta property=\"og:title\" content=\"Sport in Cattolica - Park Hotel Cattolica\" \/>\n<meta property=\"og:description\" content=\"Im Park Hotel in Cattolica Sie k\u00f6nnen auch verschiedene, sportliche Aktivit\u00e4ten aus\u00fcben, die mit dem Meer und dar\u00fcber hinaus verbunden sind.\" \/>\n<meta property=\"og:url\" content=\"https:\/\/www.parkhotelcattolica.it\/sport.html\" \/>\n<meta property=\"og:site_name\" content=\"Park Hotel Cattolica\" \/>\n<meta property=\"article:modified_time\" content=\"2015-11-25T14:48:25+00:00\" \/>\n<meta property=\"og:image\" content=\"https:\/\/www.parkhotelcattolica.it\/wp-content\/uploads\/2015\/10\/sport-header.jpg\" \/>\n\t<meta property=\"og:image:width\" content=\"1280\" \/>\n\t<meta property=\"og:image:height\" content=\"800\" \/>\n\t<meta property=\"og:image:type\" content=\"image\/jpeg\" \/>\n<script type=\"application\/ld+json\" class=\"yoast-schema-graph\">{\"@context\":\"https:\/\/schema.org\",\"@graph\":[{\"@type\":\"WebPage\",\"@id\":\"https:\/\/www.parkhotelcattolica.it\/sport.html\",\"url\":\"https:\/\/www.parkhotelcattolica.it\/sport.html\",\"name\":\"Sport in Cattolica - Park Hotel Cattolica\",\"isPartOf\":{\"@id\":\"https:\/\/www.parkhotelcattolica.it\/#website\"},\"primaryImageOfPage\":{\"@id\":\"https:\/\/www.parkhotelcattolica.it\/sport.html#primaryimage\"},\"image\":{\"@id\":\"https:\/\/www.parkhotelcattolica.it\/sport.html#primaryimage\"},\"thumbnailUrl\":\"https:\/\/www.parkhotelcattolica.it\/wp-content\/uploads\/2015\/10\/sport-header.jpg\",\"datePublished\":\"2015-10-19T13:58:04+00:00\",\"dateModified\":\"2015-11-25T14:48:25+00:00\",\"description\":\"Im Park Hotel in Cattolica Sie k\u00f6nnen auch verschiedene, sportliche Aktivit\u00e4ten aus\u00fcben, die mit dem Meer und dar\u00fcber hinaus verbunden sind.\",\"breadcrumb\":{\"@id\":\"https:\/\/www.parkhotelcattolica.it\/sport.html#breadcrumb\"},\"inLanguage\":\"de\",\"potentialAction\":[{\"@type\":\"ReadAction\",\"target\":[\"https:\/\/www.parkhotelcattolica.it\/sport.html\"]}]},{\"@type\":\"ImageObject\",\"inLanguage\":\"de\",\"@id\":\"https:\/\/www.parkhotelcattolica.it\/sport.html#primaryimage\",\"url\":\"https:\/\/www.parkhotelcattolica.it\/wp-content\/uploads\/2015\/10\/sport-header.jpg\",\"contentUrl\":\"https:\/\/www.parkhotelcattolica.it\/wp-content\/uploads\/2015\/10\/sport-header.jpg\",\"width\":1280,\"height\":800,\"caption\":\"Bike Hotel Cattolica\"},{\"@type\":\"BreadcrumbList\",\"@id\":\"https:\/\/www.parkhotelcattolica.it\/sport.html#breadcrumb\",\"itemListElement\":[{\"@type\":\"ListItem\",\"position\":1,\"name\":\"Home\",\"item\":\"https:\/\/www.parkhotelcattolica.it\/de\"},{\"@type\":\"ListItem\",\"position\":2,\"name\":\"Sport\"}]},{\"@type\":\"WebSite\",\"@id\":\"https:\/\/www.parkhotelcattolica.it\/#website\",\"url\":\"https:\/\/www.parkhotelcattolica.it\/\",\"name\":\"Park Hotel Cattolica\",\"description\":\"Un nuovo sito targato WordPress\",\"potentialAction\":[{\"@type\":\"SearchAction\",\"target\":{\"@type\":\"EntryPoint\",\"urlTemplate\":\"https:\/\/www.parkhotelcattolica.it\/?s={search_term_string}\"},\"query-input\":{\"@type\":\"PropertyValueSpecification\",\"valueRequired\":true,\"valueName\":\"search_term_string\"}}],\"inLanguage\":\"de\"}]}<\/script>\n<!-- \/ Yoast SEO plugin. -->","yoast_head_json":{"title":"Sport in Cattolica - Park Hotel Cattolica","description":"Im Park Hotel in Cattolica Sie k\u00f6nnen auch verschiedene, sportliche Aktivit\u00e4ten aus\u00fcben, die mit dem Meer und dar\u00fcber hinaus verbunden sind.","robots":{"index":"index","follow":"follow","max-snippet":"max-snippet:-1","max-image-preview":"max-image-preview:large","max-video-preview":"max-video-preview:-1"},"canonical":"https:\/\/www.parkhotelcattolica.it\/sport.html","og_locale":"de_DE","og_type":"article","og_title":"Sport in Cattolica - Park Hotel Cattolica","og_description":"Im Park Hotel in Cattolica Sie k\u00f6nnen auch verschiedene, sportliche Aktivit\u00e4ten aus\u00fcben, die mit dem Meer und dar\u00fcber hinaus verbunden sind.","og_url":"https:\/\/www.parkhotelcattolica.it\/sport.html","og_site_name":"Park Hotel Cattolica","article_modified_time":"2015-11-25T14:48:25+00:00","og_image":[{"width":1280,"height":800,"url":"https:\/\/www.parkhotelcattolica.it\/wp-content\/uploads\/2015\/10\/sport-header.jpg","type":"image\/jpeg"}],"schema":{"@context":"https:\/\/schema.org","@graph":[{"@type":"WebPage","@id":"https:\/\/www.parkhotelcattolica.it\/sport.html","url":"https:\/\/www.parkhotelcattolica.it\/sport.html","name":"Sport in Cattolica - Park Hotel Cattolica","isPartOf":{"@id":"https:\/\/www.parkhotelcattolica.it\/#website"},"primaryImageOfPage":{"@id":"https:\/\/www.parkhotelcattolica.it\/sport.html#primaryimage"},"image":{"@id":"https:\/\/www.parkhotelcattolica.it\/sport.html#primaryimage"},"thumbnailUrl":"https:\/\/www.parkhotelcattolica.it\/wp-content\/uploads\/2015\/10\/sport-header.jpg","datePublished":"2015-10-19T13:58:04+00:00","dateModified":"2015-11-25T14:48:25+00:00","description":"Im Park Hotel in Cattolica Sie k\u00f6nnen auch verschiedene, sportliche Aktivit\u00e4ten aus\u00fcben, die mit dem Meer und dar\u00fcber hinaus verbunden sind.","breadcrumb":{"@id":"https:\/\/www.parkhotelcattolica.it\/sport.html#breadcrumb"},"inLanguage":"de","potentialAction":[{"@type":"ReadAction","target":["https:\/\/www.parkhotelcattolica.it\/sport.html"]}]},{"@type":"ImageObject","inLanguage":"de","@id":"https:\/\/www.parkhotelcattolica.it\/sport.html#primaryimage","url":"https:\/\/www.parkhotelcattolica.it\/wp-content\/uploads\/2015\/10\/sport-header.jpg","contentUrl":"https:\/\/www.parkhotelcattolica.it\/wp-content\/uploads\/2015\/10\/sport-header.jpg","width":1280,"height":800,"caption":"Bike Hotel Cattolica"},{"@type":"BreadcrumbList","@id":"https:\/\/www.parkhotelcattolica.it\/sport.html#breadcrumb","itemListElement":[{"@type":"ListItem","position":1,"name":"Home","item":"https:\/\/www.parkhotelcattolica.it\/de"},{"@type":"ListItem","position":2,"name":"Sport"}]},{"@type":"WebSite","@id":"https:\/\/www.parkhotelcattolica.it\/#website","url":"https:\/\/www.parkhotelcattolica.it\/","name":"Park Hotel Cattolica","description":"Un nuovo sito targato WordPress","potentialAction":[{"@type":"SearchAction","target":{"@type":"EntryPoint","urlTemplate":"https:\/\/www.parkhotelcattolica.it\/?s={search_term_string}"},"query-input":{"@type":"PropertyValueSpecification","valueRequired":true,"valueName":"search_term_string"}}],"inLanguage":"de"}]}},"publishpress_future_action":{"enabled":false,"date":"2026-05-05 13:15:04","action":"change-status","newStatus":"draft","terms":[],"taxonomy":"translation_priority","extraData":[]},"publishpress_future_workflow_manual_trigger":{"enabledWorkflows":[]},"_links":{"self":[{"href":"https:\/\/www.parkhotelcattolica.it\/de\/wp-json\/wp\/v2\/pages\/1659","targetHints":{"allow":["GET"]}}],"collection":[{"href":"https:\/\/www.parkhotelcattolica.it\/de\/wp-json\/wp\/v2\/pages"}],"about":[{"href":"https:\/\/www.parkhotelcattolica.it\/de\/wp-json\/wp\/v2\/types\/page"}],"author":[{"embeddable":true,"href":"https:\/\/www.parkhotelcattolica.it\/de\/wp-json\/wp\/v2\/users\/23"}],"replies":[{"embeddable":true,"href":"https:\/\/www.parkhotelcattolica.it\/de\/wp-json\/wp\/v2\/comments?post=1659"}],"version-history":[{"count":4,"href":"https:\/\/www.parkhotelcattolica.it\/de\/wp-json\/wp\/v2\/pages\/1659\/revisions"}],"predecessor-version":[{"id":1664,"href":"https:\/\/www.parkhotelcattolica.it\/de\/wp-json\/wp\/v2\/pages\/1659\/revisions\/1664"}],"wp:featuredmedia":[{"embeddable":true,"href":"https:\/\/www.parkhotelcattolica.it\/de\/wp-json\/wp\/v2\/media\/1126"}],"wp:attachment":[{"href":"https:\/\/www.parkhotelcattolica.it\/de\/wp-json\/wp\/v2\/media?parent=1659"}],"curies":[{"name":"wp","href":"https:\/\/api.w.org\/{rel}","templated":true}]}}